{"id":5123,"date":"2024-06-25T07:43:50","date_gmt":"2024-06-25T05:43:50","guid":{"rendered":"https:\/\/verso-yverdon.ch\/unsere-geschichte\/"},"modified":"2025-09-04T01:54:21","modified_gmt":"2025-09-03T23:54:21","slug":"unsere-geschichte","status":"publish","type":"page","link":"https:\/\/verso-yverdon.ch\/de\/unsere-geschichte\/","title":{"rendered":"Unsere Geschichte"},"content":{"rendered":"\t\t<div data-elementor-type=\"wp-page\" data-elementor-id=\"5123\" class=\"elementor elementor-5123 elementor-3236\">\n\t\t\t\t\t\t<section class=\"elementor-section elementor-top-section elementor-element elementor-element-679b6f3 elementor-section-height-min-height elementor-section-boxed elementor-section-height-default elementor-section-items-middle\" data-id=\"679b6f3\" data-element_type=\"section\" data-settings=\"{&quot;background_background&quot;:&quot;classic&quot;,&quot;shape_divider_bottom&quot;:&quot;wave-brush&quot;}\">\n\t\t\t\t\t<div class=\"elementor-shape elementor-shape-bottom\" data-negative=\"false\">\n\t\t\t<svg xmlns=\"http:\/\/www.w3.org\/2000\/svg\" viewBox=\"0 0 283.5 27.8\" preserveAspectRatio=\"none\">\n\t<path class=\"elementor-shape-fill\" d=\"M283.5,9.7c0,0-7.3,4.3-14,4.6c-6.8,0.3-12.6,0-20.9-1.5c-11.3-2-33.1-10.1-44.7-5.7\ts-12.1,4.6-18,7.4c-6.6,3.2-20,9.6-36.6,9.3C131.6,23.5,99.5,7.2,86.3,8c-1.4,0.1-6.6,0.8-10.5,2c-3.8,1.2-9.4,3.8-17,4.7\tc-3.2,0.4-8.3,1.1-14.2,0.9c-1.5-0.1-6.3-0.4-12-1.6c-5.7-1.2-11-3.1-15.8-3.7C6.5,9.2,0,10.8,0,10.8V0h283.5V9.7z M260.8,11.3\tc-0.7-1-2-0.4-4.3-0.4c-2.3,0-6.1-1.2-5.8-1.1c0.3,0.1,3.1,1.5,6,1.9C259.7,12.2,261.4,12.3,260.8,11.3z M242.4,8.6\tc0,0-2.4-0.2-5.6-0.9c-3.2-0.8-10.3-2.8-15.1-3.5c-8.2-1.1-15.8,0-15.1,0.1c0.8,0.1,9.6-0.6,17.6,1.1c3.3,0.7,9.3,2.2,12.4,2.7\tC239.9,8.7,242.4,8.6,242.4,8.6z M185.2,8.5c1.7-0.7-13.3,4.7-18.5,6.1c-2.1,0.6-6.2,1.6-10,2c-3.9,0.4-8.9,0.4-8.8,0.5\tc0,0.2,5.8,0.8,11.2,0c5.4-0.8,5.2-1.1,7.6-1.6C170.5,14.7,183.5,9.2,185.2,8.5z M199.1,6.9c0.2,0-0.8-0.4-4.8,1.1\tc-4,1.5-6.7,3.5-6.9,3.7c-0.2,0.1,3.5-1.8,6.6-3C197,7.5,199,6.9,199.1,6.9z M283,6c-0.1,0.1-1.9,1.1-4.8,2.5s-6.9,2.8-6.7,2.7\tc0.2,0,3.5-0.6,7.4-2.5C282.8,6.8,283.1,5.9,283,6z M31.3,11.6c0.1-0.2-1.9-0.2-4.5-1.2s-5.4-1.6-7.8-2C15,7.6,7.3,8.5,7.7,8.6\tC8,8.7,15.9,8.3,20.2,9.3c2.2,0.5,2.4,0.5,5.7,1.6S31.2,11.9,31.3,11.6z M73,9.2c0.4-0.1,3.5-1.6,8.4-2.6c4.9-1.1,8.9-0.5,8.9-0.8\tc0-0.3-1-0.9-6.2-0.3S72.6,9.3,73,9.2z M71.6,6.7C71.8,6.8,75,5.4,77.3,5c2.3-0.3,1.9-0.5,1.9-0.6c0-0.1-1.1-0.2-2.7,0.2\tC74.8,5.1,71.4,6.6,71.6,6.7z M93.6,4.4c0.1,0.2,3.5,0.8,5.6,1.8c2.1,1,1.8,0.6,1.9,0.5c0.1-0.1-0.8-0.8-2.4-1.3\tC97.1,4.8,93.5,4.2,93.6,4.4z M65.4,11.1c-0.1,0.3,0.3,0.5,1.9-0.2s2.6-1.3,2.2-1.2s-0.9,0.4-2.5,0.8C65.3,10.9,65.5,10.8,65.4,11.1\tz M34.5,12.4c-0.2,0,2.1,0.8,3.3,0.9c1.2,0.1,2,0.1,2-0.2c0-0.3-0.1-0.5-1.6-0.4C36.6,12.8,34.7,12.4,34.5,12.4z M152.2,21.1\tc-0.1,0.1-2.4-0.3-7.5-0.3c-5,0-13.6-2.4-17.2-3.5c-3.6-1.1,10,3.9,16.5,4.1C150.5,21.6,152.3,21,152.2,21.1z\"\/>\n\t<path class=\"elementor-shape-fill\" d=\"M269.6,18c-0.1-0.1-4.6,0.3-7.2,0c-7.3-0.7-17-3.2-16.6-2.9c0.4,0.3,13.7,3.1,17,3.3\tC267.7,18.8,269.7,18,269.6,18z\"\/>\n\t<path class=\"elementor-shape-fill\" d=\"M227.4,9.8c-0.2-0.1-4.5-1-9.5-1.2c-5-0.2-12.7,0.6-12.3,0.5c0.3-0.1,5.9-1.8,13.3-1.2\tS227.6,9.9,227.4,9.8z\"\/>\n\t<path class=\"elementor-shape-fill\" d=\"M204.5,13.4c-0.1-0.1,2-1,3.2-1.1c1.2-0.1,2,0,2,0.3c0,0.3-0.1,0.5-1.6,0.4\tC206.4,12.9,204.6,13.5,204.5,13.4z\"\/>\n\t<path class=\"elementor-shape-fill\" d=\"M201,10.6c0-0.1-4.4,1.2-6.3,2.2c-1.9,0.9-6.2,3.1-6.1,3.1c0.1,0.1,4.2-1.6,6.3-2.6\tS201,10.7,201,10.6z\"\/>\n\t<path class=\"elementor-shape-fill\" d=\"M154.5,26.7c-0.1-0.1-4.6,0.3-7.2,0c-7.3-0.7-17-3.2-16.6-2.9c0.4,0.3,13.7,3.1,17,3.3\tC152.6,27.5,154.6,26.8,154.5,26.7z\"\/>\n\t<path class=\"elementor-shape-fill\" d=\"M41.9,19.3c0,0,1.2-0.3,2.9-0.1c1.7,0.2,5.8,0.9,8.2,0.7c4.2-0.4,7.4-2.7,7-2.6\tc-0.4,0-4.3,2.2-8.6,1.9c-1.8-0.1-5.1-0.5-6.7-0.4S41.9,19.3,41.9,19.3z\"\/>\n\t<path class=\"elementor-shape-fill\" d=\"M75.5,12.6c0.2,0.1,2-0.8,4.3-1.1c2.3-0.2,2.1-0.3,2.1-0.5c0-0.1-1.8-0.4-3.4,0\tC76.9,11.5,75.3,12.5,75.5,12.6z\"\/>\n\t<path class=\"elementor-shape-fill\" d=\"M15.6,13.2c0-0.1,4.3,0,6.7,0.5c2.4,0.5,5,1.9,5,2c0,0.1-2.7-0.8-5.1-1.4\tC19.9,13.7,15.7,13.3,15.6,13.2z\"\/>\n<\/svg>\t\t<\/div>\n\t\t\t\t\t<div class=\"elementor-container elementor-column-gap-default\">\n\t\t\t\t\t<div class=\"elementor-column elementor-col-50 elementor-top-column elementor-element elementor-element-2506743\" data-id=\"2506743\" data-element_type=\"column\">\n\t\t\t<div class=\"elementor-widget-wrap elementor-element-populated\">\n\t\t\t\t\t\t<div class=\"elementor-element elementor-element-82c0360 elementor-hidden-desktop elementor-hidden-tablet elementor-widget elementor-widget-spacer\" data-id=\"82c0360\" data-element_type=\"widget\" data-widget_type=\"spacer.default\">\n\t\t\t\t<div class=\"elementor-widget-container\">\n\t\t\t<style>\/*! elementor - v3.23.0 - 05-08-2024 *\/\n.elementor-column .elementor-spacer-inner{height:var(--spacer-size)}.e-con{--container-widget-width:100%}.e-con-inner>.elementor-widget-spacer,.e-con>.elementor-widget-spacer{width:var(--container-widget-width,var(--spacer-size));--align-self:var(--container-widget-align-self,initial);--flex-shrink:0}.e-con-inner>.elementor-widget-spacer>.elementor-widget-container,.e-con>.elementor-widget-spacer>.elementor-widget-container{height:100%;width:100%}.e-con-inner>.elementor-widget-spacer>.elementor-widget-container>.elementor-spacer,.e-con>.elementor-widget-spacer>.elementor-widget-container>.elementor-spacer{height:100%}.e-con-inner>.elementor-widget-spacer>.elementor-widget-container>.elementor-spacer>.elementor-spacer-inner,.e-con>.elementor-widget-spacer>.elementor-widget-container>.elementor-spacer>.elementor-spacer-inner{height:var(--container-widget-height,var(--spacer-size))}.e-con-inner>.elementor-widget-spacer.elementor-widget-empty,.e-con>.elementor-widget-spacer.elementor-widget-empty{position:relative;min-height:22px;min-width:22px}.e-con-inner>.elementor-widget-spacer.elementor-widget-empty .elementor-widget-empty-icon,.e-con>.elementor-widget-spacer.elementor-widget-empty .elementor-widget-empty-icon{position:absolute;top:0;bottom:0;left:0;right:0;margin:auto;padding:0;width:22px;height:22px}<\/style>\t\t<div class=\"elementor-spacer\">\n\t\t\t<div class=\"elementor-spacer-inner\"><\/div>\n\t\t<\/div>\n\t\t\t\t<\/div>\n\t\t\t\t<\/div>\n\t\t\t\t<div class=\"elementor-element elementor-element-6ce4207 elementor-arrows-position-outside elementor-pagination-position-outside elementor-widget elementor-widget-image-carousel\" data-id=\"6ce4207\" data-element_type=\"widget\" data-settings=\"{&quot;slides_to_show&quot;:&quot;1&quot;,&quot;navigation&quot;:&quot;both&quot;,&quot;autoplay&quot;:&quot;yes&quot;,&quot;pause_on_hover&quot;:&quot;yes&quot;,&quot;pause_on_interaction&quot;:&quot;yes&quot;,&quot;autoplay_speed&quot;:5000,&quot;infinite&quot;:&quot;yes&quot;,&quot;effect&quot;:&quot;slide&quot;,&quot;speed&quot;:500}\" data-widget_type=\"image-carousel.default\">\n\t\t\t\t<div class=\"elementor-widget-container\">\n\t\t\t<style>\/*! elementor - v3.23.0 - 05-08-2024 *\/\n.elementor-widget-image-carousel .swiper,.elementor-widget-image-carousel .swiper-container{position:static}.elementor-widget-image-carousel .swiper-container .swiper-slide figure,.elementor-widget-image-carousel .swiper .swiper-slide figure{line-height:inherit}.elementor-widget-image-carousel .swiper-slide{text-align:center}.elementor-image-carousel-wrapper:not(.swiper-container-initialized):not(.swiper-initialized) .swiper-slide{max-width:calc(100% \/ var(--e-image-carousel-slides-to-show, 3))}<\/style>\t\t<div class=\"elementor-image-carousel-wrapper swiper\" dir=\"ltr\">\n\t\t\t<div class=\"elementor-image-carousel swiper-wrapper\" aria-live=\"off\">\n\t\t\t\t\t\t\t\t<div class=\"swiper-slide\" role=\"group\" aria-roledescription=\"slide\" aria-label=\"1 von 3\"><figure class=\"swiper-slide-inner\"><img decoding=\"async\" class=\"swiper-slide-image\" src=\"https:\/\/verso-yverdon.ch\/wp-content\/uploads\/2025\/09\/WhatsApp-Image-2025-09-01-a-16.11.30_76d8d303.jpg\" alt=\"WhatsApp Image 2025-09-01 \u00e0 16.11.30_76d8d303\" \/><\/figure><\/div><div class=\"swiper-slide\" role=\"group\" aria-roledescription=\"slide\" aria-label=\"2 von 3\"><figure class=\"swiper-slide-inner\"><img decoding=\"async\" class=\"swiper-slide-image\" src=\"https:\/\/verso-yverdon.ch\/wp-content\/uploads\/2025\/09\/WhatsApp-Image-2025-09-01-a-16.11.30_db7e6908.jpg\" alt=\"WhatsApp Image 2025-09-01 \u00e0 16.11.30_db7e6908\" \/><\/figure><\/div><div class=\"swiper-slide\" role=\"group\" aria-roledescription=\"slide\" aria-label=\"3 von 3\"><figure class=\"swiper-slide-inner\"><img decoding=\"async\" class=\"swiper-slide-image\" src=\"https:\/\/verso-yverdon.ch\/wp-content\/uploads\/2025\/09\/WhatsApp-Image-2025-09-01-a-16.11.30_76d8d303.jpg\" alt=\"WhatsApp Image 2025-09-01 \u00e0 16.11.30_76d8d303\" \/><\/figure><\/div>\t\t\t<\/div>\n\t\t\t\t\t\t\t\t\t\t\t\t<div class=\"elementor-swiper-button elementor-swiper-button-prev\" role=\"button\" tabindex=\"0\">\n\t\t\t\t\t\t<i aria-hidden=\"true\" class=\"eicon-chevron-left\"><\/i>\t\t\t\t\t<\/div>\n\t\t\t\t\t<div class=\"elementor-swiper-button elementor-swiper-button-next\" role=\"button\" tabindex=\"0\">\n\t\t\t\t\t\t<i aria-hidden=\"true\" class=\"eicon-chevron-right\"><\/i>\t\t\t\t\t<\/div>\n\t\t\t\t\n\t\t\t\t\t\t\t\t\t<div class=\"swiper-pagination\"><\/div>\n\t\t\t\t\t\t\t\t\t<\/div>\n\t\t\t\t<\/div>\n\t\t\t\t<\/div>\n\t\t\t\t\t<\/div>\n\t\t<\/div>\n\t\t\t\t<div class=\"elementor-column elementor-col-50 elementor-top-column elementor-element elementor-element-b8e0e60\" data-id=\"b8e0e60\" data-element_type=\"column\">\n\t\t\t<div class=\"elementor-widget-wrap elementor-element-populated\">\n\t\t\t\t\t\t<div class=\"elementor-element elementor-element-ccd7865 elementor-widget elementor-widget-heading\" data-id=\"ccd7865\" data-element_type=\"widget\" data-widget_type=\"heading.default\">\n\t\t\t\t<div class=\"elementor-widget-container\">\n\t\t\t<style>\/*! elementor - v3.23.0 - 05-08-2024 *\/\n.elementor-heading-title{padding:0;margin:0;line-height:1}.elementor-widget-heading .elementor-heading-title[class*=elementor-size-]>a{color:inherit;font-size:inherit;line-height:inherit}.elementor-widget-heading .elementor-heading-title.elementor-size-small{font-size:15px}.elementor-widget-heading .elementor-heading-title.elementor-size-medium{font-size:19px}.elementor-widget-heading .elementor-heading-title.elementor-size-large{font-size:29px}.elementor-widget-heading .elementor-heading-title.elementor-size-xl{font-size:39px}.elementor-widget-heading .elementor-heading-title.elementor-size-xxl{font-size:59px}<\/style><h2 class=\"elementor-heading-title elementor-size-default\">Willkommen bei Verso<\/h2>\t\t<\/div>\n\t\t\t\t<\/div>\n\t\t\t\t<div class=\"elementor-element elementor-element-a60466d elementor-widget elementor-widget-text-editor\" data-id=\"a60466d\" data-element_type=\"widget\" data-widget_type=\"text-editor.default\">\n\t\t\t\t<div class=\"elementor-widget-container\">\n\t\t\t<style>\/*! elementor - v3.23.0 - 05-08-2024 *\/\n.elementor-widget-text-editor.elementor-drop-cap-view-stacked .elementor-drop-cap{background-color:#69727d;color:#fff}.elementor-widget-text-editor.elementor-drop-cap-view-framed .elementor-drop-cap{color:#69727d;border:3px solid;background-color:transparent}.elementor-widget-text-editor:not(.elementor-drop-cap-view-default) .elementor-drop-cap{margin-top:8px}.elementor-widget-text-editor:not(.elementor-drop-cap-view-default) .elementor-drop-cap-letter{width:1em;height:1em}.elementor-widget-text-editor .elementor-drop-cap{float:left;text-align:center;line-height:1;font-size:50px}.elementor-widget-text-editor .elementor-drop-cap-letter{display:inline-block}<\/style>\t\t\t\t<p>Verso wurde 2009 gegr\u00fcndet. In all diesen Jahren haben Hunderte von Sch\u00fclern unsere T\u00fcren durchschritten und sind so in die Welt des franz\u00f6sischsprachigen Schweizerfranz\u00f6sisch eingetreten.<\/p>\n<p>Unser Unterricht ist abwechslungsreich, unterhaltsam und dynamisch und orientiert sich an den Zielen unserer Sch\u00fcler. Eine echte Zusammenarbeit zwischen Sch\u00fclern und Lehrern ist die Grundlage der Verso-Familie.<\/p>\n<p>\u00d6ffnen Sie die T\u00fcren der Verso-Schule und Sie werden Ihre Zukunft in der Schweiz er\u00f6ffnen.<\/p>\n\t\t\t\t\t\t<\/div>\n\t\t\t\t<\/div>\n\t\t\t\t<div class=\"elementor-element elementor-element-1edc1c4 elementor-widget elementor-widget-heading\" data-id=\"1edc1c4\" data-element_type=\"widget\" data-widget_type=\"heading.default\">\n\t\t\t\t<div class=\"elementor-widget-container\">\n\t\t\t<h5 class=\"elementor-heading-title elementor-size-default\">Steigern Sie Ihr Wissen!<\/h5>\t\t<\/div>\n\t\t\t\t<\/div>\n\t\t\t\t<div class=\"elementor-element elementor-element-f8878ae elementor-widget elementor-widget-button\" data-id=\"f8878ae\" data-element_type=\"widget\" data-widget_type=\"button.default\">\n\t\t\t\t<div class=\"elementor-widget-container\">\n\t\t\t\t\t<div class=\"elementor-button-wrapper\">\n\t\t\t<a class=\"elementor-button elementor-button-link elementor-size-sm\" href=\"https:\/\/verso-yverdon.ch\/#inscription\">\n\t\t\t\t\t\t<span class=\"elementor-button-content-wrapper\">\n\t\t\t\t\t\t\t\t\t<span class=\"elementor-button-text\">Ich m\u00f6chte mich anmelden<\/span>\n\t\t\t\t\t<\/span>\n\t\t\t\t\t<\/a>\n\t\t<\/div>\n\t\t\t\t<\/div>\n\t\t\t\t<\/div>\n\t\t\t\t<div class=\"elementor-element elementor-element-a9f8e86 elementor-hidden-desktop elementor-hidden-tablet elementor-widget elementor-widget-spacer\" data-id=\"a9f8e86\" data-element_type=\"widget\" data-widget_type=\"spacer.default\">\n\t\t\t\t<div class=\"elementor-widget-container\">\n\t\t\t\t\t<div class=\"elementor-spacer\">\n\t\t\t<div class=\"elementor-spacer-inner\"><\/div>\n\t\t<\/div>\n\t\t\t\t<\/div>\n\t\t\t\t<\/div>\n\t\t\t\t\t<\/div>\n\t\t<\/div>\n\t\t\t\t\t<\/div>\n\t\t<\/section>\n\t\t\t\t<section class=\"elementor-section elementor-top-section elementor-element elementor-element-4d39e44 elementor-section-boxed elementor-section-height-default elementor-section-height-default\" data-id=\"4d39e44\" data-element_type=\"section\">\n\t\t\t\t\t\t<div class=\"elementor-container elementor-column-gap-default\">\n\t\t\t\t\t<div class=\"elementor-column elementor-col-100 elementor-top-column elementor-element elementor-element-fb97919\" data-id=\"fb97919\" data-element_type=\"column\">\n\t\t\t<div class=\"elementor-widget-wrap elementor-element-populated\">\n\t\t\t\t\t\t<div class=\"elementor-element elementor-element-1aefa0b elementor-widget elementor-widget-spacer\" data-id=\"1aefa0b\" data-element_type=\"widget\" data-widget_type=\"spacer.default\">\n\t\t\t\t<div class=\"elementor-widget-container\">\n\t\t\t\t\t<div class=\"elementor-spacer\">\n\t\t\t<div class=\"elementor-spacer-inner\"><\/div>\n\t\t<\/div>\n\t\t\t\t<\/div>\n\t\t\t\t<\/div>\n\t\t\t\t\t<\/div>\n\t\t<\/div>\n\t\t\t\t\t<\/div>\n\t\t<\/section>\n\t\t\t\t<\/div>\n\t\t","protected":false},"excerpt":{"rendered":"<p>Willkommen bei Verso Verso wurde 2009 gegr\u00fcndet. In all diesen Jahren haben Hunderte von Sch\u00fclern unsere T\u00fcren durchschritten und sind so in die Welt des franz\u00f6sischsprachigen Schweizerfranz\u00f6sisch eingetreten. Unser Unterricht ist abwechslungsreich, unterhaltsam und dynamisch und orientiert sich an den Zielen unserer Sch\u00fcler. Eine echte Zusammenarbeit zwischen Sch\u00fclern und Lehrern ist die Grundlage der Verso-Familie. [&hellip;]<\/p>\n","protected":false},"author":1,"featured_media":0,"parent":0,"menu_order":0,"comment_status":"closed","ping_status":"closed","template":"","meta":{"footnotes":""},"class_list":["post-5123","page","type-page","status-publish","hentry"],"yoast_head":"<!-- This site is optimized with the Yoast SEO plugin v23.3 - https:\/\/yoast.com\/wordpress\/plugins\/seo\/ -->\n<title>Unsere Geschichte | Verso<\/title>\n<meta name=\"description\" content=\"Entdecken Sie die Geschichte von Verso, Ihrer Franz\u00f6sischschule in der Schweiz. Unsere Mission und unser Engagement f\u00fcr Ihr Lernen.\" \/>\n<meta name=\"robots\" content=\"index, follow, max-snippet:-1, max-image-preview:large, max-video-preview:-1\" \/>\n<link rel=\"canonical\" href=\"https:\/\/verso-yverdon.ch\/de\/unsere-geschichte\/\" \/>\n<meta property=\"og:locale\" content=\"de_DE\" \/>\n<meta property=\"og:type\" content=\"article\" \/>\n<meta property=\"og:title\" content=\"Unsere Geschichte | Verso\" \/>\n<meta property=\"og:description\" content=\"Entdecken Sie die Geschichte von Verso, Ihrer Franz\u00f6sischschule in der Schweiz. Unsere Mission und unser Engagement f\u00fcr Ihr Lernen.\" \/>\n<meta property=\"og:url\" content=\"https:\/\/verso-yverdon.ch\/de\/unsere-geschichte\/\" \/>\n<meta property=\"og:site_name\" content=\"Association Verso\" \/>\n<meta property=\"article:modified_time\" content=\"2025-09-03T23:54:21+00:00\" \/>\n<meta property=\"og:image\" content=\"https:\/\/verso-yverdon.ch\/wp-content\/uploads\/2025\/09\/WhatsApp-Image-2025-09-01-a-16.11.30_76d8d303.jpg\" \/>\n<meta name=\"twitter:card\" content=\"summary_large_image\" \/>\n<meta name=\"twitter:label1\" content=\"Gesch\u00e4tzte Lesezeit\" \/>\n\t<meta name=\"twitter:data1\" content=\"1\u00a0Minute\" \/>\n<script type=\"application\/ld+json\" class=\"yoast-schema-graph\">{\"@context\":\"https:\/\/schema.org\",\"@graph\":[{\"@type\":\"WebPage\",\"@id\":\"https:\/\/verso-yverdon.ch\/de\/unsere-geschichte\/\",\"url\":\"https:\/\/verso-yverdon.ch\/de\/unsere-geschichte\/\",\"name\":\"Unsere Geschichte | Verso\",\"isPartOf\":{\"@id\":\"https:\/\/verso-yverdon.ch\/de\/#website\"},\"primaryImageOfPage\":{\"@id\":\"https:\/\/verso-yverdon.ch\/de\/unsere-geschichte\/#primaryimage\"},\"image\":{\"@id\":\"https:\/\/verso-yverdon.ch\/de\/unsere-geschichte\/#primaryimage\"},\"thumbnailUrl\":\"https:\/\/verso-yverdon.ch\/wp-content\/uploads\/2025\/09\/WhatsApp-Image-2025-09-01-a-16.11.30_76d8d303.jpg\",\"datePublished\":\"2024-06-25T05:43:50+00:00\",\"dateModified\":\"2025-09-03T23:54:21+00:00\",\"description\":\"Entdecken Sie die Geschichte von Verso, Ihrer Franz\u00f6sischschule in der Schweiz. Unsere Mission und unser Engagement f\u00fcr Ihr Lernen.\",\"breadcrumb\":{\"@id\":\"https:\/\/verso-yverdon.ch\/de\/unsere-geschichte\/#breadcrumb\"},\"inLanguage\":\"de\",\"potentialAction\":[{\"@type\":\"ReadAction\",\"target\":[\"https:\/\/verso-yverdon.ch\/de\/unsere-geschichte\/\"]}]},{\"@type\":\"ImageObject\",\"inLanguage\":\"de\",\"@id\":\"https:\/\/verso-yverdon.ch\/de\/unsere-geschichte\/#primaryimage\",\"url\":\"https:\/\/verso-yverdon.ch\/wp-content\/uploads\/2025\/09\/WhatsApp-Image-2025-09-01-a-16.11.30_76d8d303.jpg\",\"contentUrl\":\"https:\/\/verso-yverdon.ch\/wp-content\/uploads\/2025\/09\/WhatsApp-Image-2025-09-01-a-16.11.30_76d8d303.jpg\"},{\"@type\":\"BreadcrumbList\",\"@id\":\"https:\/\/verso-yverdon.ch\/de\/unsere-geschichte\/#breadcrumb\",\"itemListElement\":[{\"@type\":\"ListItem\",\"position\":1,\"name\":\"Accueil\",\"item\":\"https:\/\/verso-yverdon.ch\/de\/unsere-kurse\/\"},{\"@type\":\"ListItem\",\"position\":2,\"name\":\"Unsere Geschichte\"}]},{\"@type\":\"WebSite\",\"@id\":\"https:\/\/verso-yverdon.ch\/de\/#website\",\"url\":\"https:\/\/verso-yverdon.ch\/de\/\",\"name\":\"Association Verso\",\"description\":\"\",\"publisher\":{\"@id\":\"https:\/\/verso-yverdon.ch\/de\/#organization\"},\"potentialAction\":[{\"@type\":\"SearchAction\",\"target\":{\"@type\":\"EntryPoint\",\"urlTemplate\":\"https:\/\/verso-yverdon.ch\/de\/?s={search_term_string}\"},\"query-input\":\"required name=search_term_string\"}],\"inLanguage\":\"de\"},{\"@type\":\"Organization\",\"@id\":\"https:\/\/verso-yverdon.ch\/de\/#organization\",\"name\":\"\u00c9cole Verso\",\"url\":\"https:\/\/verso-yverdon.ch\/de\/\",\"logo\":{\"@type\":\"ImageObject\",\"inLanguage\":\"de\",\"@id\":\"https:\/\/verso-yverdon.ch\/de\/#\/schema\/logo\/image\/\",\"url\":\"https:\/\/verso-yverdon.ch\/wp-content\/uploads\/2022\/06\/Verso_logo_transparent.png\",\"contentUrl\":\"https:\/\/verso-yverdon.ch\/wp-content\/uploads\/2022\/06\/Verso_logo_transparent.png\",\"width\":1200,\"height\":413,\"caption\":\"\u00c9cole Verso\"},\"image\":{\"@id\":\"https:\/\/verso-yverdon.ch\/de\/#\/schema\/logo\/image\/\"}}]}<\/script>\n<!-- \/ Yoast SEO plugin. -->","yoast_head_json":{"title":"Unsere Geschichte | Verso","description":"Entdecken Sie die Geschichte von Verso, Ihrer Franz\u00f6sischschule in der Schweiz. Unsere Mission und unser Engagement f\u00fcr Ihr Lernen.","robots":{"index":"index","follow":"follow","max-snippet":"max-snippet:-1","max-image-preview":"max-image-preview:large","max-video-preview":"max-video-preview:-1"},"canonical":"https:\/\/verso-yverdon.ch\/de\/unsere-geschichte\/","og_locale":"de_DE","og_type":"article","og_title":"Unsere Geschichte | Verso","og_description":"Entdecken Sie die Geschichte von Verso, Ihrer Franz\u00f6sischschule in der Schweiz. Unsere Mission und unser Engagement f\u00fcr Ihr Lernen.","og_url":"https:\/\/verso-yverdon.ch\/de\/unsere-geschichte\/","og_site_name":"Association Verso","article_modified_time":"2025-09-03T23:54:21+00:00","og_image":[{"url":"https:\/\/verso-yverdon.ch\/wp-content\/uploads\/2025\/09\/WhatsApp-Image-2025-09-01-a-16.11.30_76d8d303.jpg"}],"twitter_card":"summary_large_image","twitter_misc":{"Gesch\u00e4tzte Lesezeit":"1\u00a0Minute"},"schema":{"@context":"https:\/\/schema.org","@graph":[{"@type":"WebPage","@id":"https:\/\/verso-yverdon.ch\/de\/unsere-geschichte\/","url":"https:\/\/verso-yverdon.ch\/de\/unsere-geschichte\/","name":"Unsere Geschichte | Verso","isPartOf":{"@id":"https:\/\/verso-yverdon.ch\/de\/#website"},"primaryImageOfPage":{"@id":"https:\/\/verso-yverdon.ch\/de\/unsere-geschichte\/#primaryimage"},"image":{"@id":"https:\/\/verso-yverdon.ch\/de\/unsere-geschichte\/#primaryimage"},"thumbnailUrl":"https:\/\/verso-yverdon.ch\/wp-content\/uploads\/2025\/09\/WhatsApp-Image-2025-09-01-a-16.11.30_76d8d303.jpg","datePublished":"2024-06-25T05:43:50+00:00","dateModified":"2025-09-03T23:54:21+00:00","description":"Entdecken Sie die Geschichte von Verso, Ihrer Franz\u00f6sischschule in der Schweiz. Unsere Mission und unser Engagement f\u00fcr Ihr Lernen.","breadcrumb":{"@id":"https:\/\/verso-yverdon.ch\/de\/unsere-geschichte\/#breadcrumb"},"inLanguage":"de","potentialAction":[{"@type":"ReadAction","target":["https:\/\/verso-yverdon.ch\/de\/unsere-geschichte\/"]}]},{"@type":"ImageObject","inLanguage":"de","@id":"https:\/\/verso-yverdon.ch\/de\/unsere-geschichte\/#primaryimage","url":"https:\/\/verso-yverdon.ch\/wp-content\/uploads\/2025\/09\/WhatsApp-Image-2025-09-01-a-16.11.30_76d8d303.jpg","contentUrl":"https:\/\/verso-yverdon.ch\/wp-content\/uploads\/2025\/09\/WhatsApp-Image-2025-09-01-a-16.11.30_76d8d303.jpg"},{"@type":"BreadcrumbList","@id":"https:\/\/verso-yverdon.ch\/de\/unsere-geschichte\/#breadcrumb","itemListElement":[{"@type":"ListItem","position":1,"name":"Accueil","item":"https:\/\/verso-yverdon.ch\/de\/unsere-kurse\/"},{"@type":"ListItem","position":2,"name":"Unsere Geschichte"}]},{"@type":"WebSite","@id":"https:\/\/verso-yverdon.ch\/de\/#website","url":"https:\/\/verso-yverdon.ch\/de\/","name":"Association Verso","description":"","publisher":{"@id":"https:\/\/verso-yverdon.ch\/de\/#organization"},"potentialAction":[{"@type":"SearchAction","target":{"@type":"EntryPoint","urlTemplate":"https:\/\/verso-yverdon.ch\/de\/?s={search_term_string}"},"query-input":"required name=search_term_string"}],"inLanguage":"de"},{"@type":"Organization","@id":"https:\/\/verso-yverdon.ch\/de\/#organization","name":"\u00c9cole Verso","url":"https:\/\/verso-yverdon.ch\/de\/","logo":{"@type":"ImageObject","inLanguage":"de","@id":"https:\/\/verso-yverdon.ch\/de\/#\/schema\/logo\/image\/","url":"https:\/\/verso-yverdon.ch\/wp-content\/uploads\/2022\/06\/Verso_logo_transparent.png","contentUrl":"https:\/\/verso-yverdon.ch\/wp-content\/uploads\/2022\/06\/Verso_logo_transparent.png","width":1200,"height":413,"caption":"\u00c9cole Verso"},"image":{"@id":"https:\/\/verso-yverdon.ch\/de\/#\/schema\/logo\/image\/"}}]}},"_links":{"self":[{"href":"https:\/\/verso-yverdon.ch\/de\/wp-json\/wp\/v2\/pages\/5123","targetHints":{"allow":["GET"]}}],"collection":[{"href":"https:\/\/verso-yverdon.ch\/de\/wp-json\/wp\/v2\/pages"}],"about":[{"href":"https:\/\/verso-yverdon.ch\/de\/wp-json\/wp\/v2\/types\/page"}],"author":[{"embeddable":true,"href":"https:\/\/verso-yverdon.ch\/de\/wp-json\/wp\/v2\/users\/1"}],"replies":[{"embeddable":true,"href":"https:\/\/verso-yverdon.ch\/de\/wp-json\/wp\/v2\/comments?post=5123"}],"version-history":[{"count":6,"href":"https:\/\/verso-yverdon.ch\/de\/wp-json\/wp\/v2\/pages\/5123\/revisions"}],"predecessor-version":[{"id":12355,"href":"https:\/\/verso-yverdon.ch\/de\/wp-json\/wp\/v2\/pages\/5123\/revisions\/12355"}],"wp:attachment":[{"href":"https:\/\/verso-yverdon.ch\/de\/wp-json\/wp\/v2\/media?parent=5123"}],"curies":[{"name":"wp","href":"https:\/\/api.w.org\/{rel}","templated":true}]}}